{"id":279,"date":"2022-03-21T15:50:48","date_gmt":"2022-03-21T14:50:48","guid":{"rendered":"http:\/\/yanowski.fr\/?page_id=279"},"modified":"2022-03-22T09:45:13","modified_gmt":"2022-03-22T08:45:13","slug":"biographie","status":"publish","type":"page","link":"https:\/\/yanowski.fr\/index.php\/accueil\/biographie\/","title":{"rendered":"Biographie"},"content":{"rendered":"\n<p>Chanteur, compositeur et po\u00e8te, Yanowski grandit dans la boh\u00e8me parisienne au milieu des saltimbanques, guitaristes, danseurs de flamenco, bateleurs en tout genre que fr\u00e9quentent ses parents. Mis au piano classique \u00e0 l\u2019\u00e2ge de 6 ans, il se nourrit de litt\u00e9rature fantastique, se passionne pour les r\u00e9cits d\u2019aventure et la po\u00e9sie. A dix-sept ans, il quitte le lyc\u00e9e pour effectuer des voyages chamaniques au Mexique et au Guatemala. Il en revient fort marqu\u00e9. Ses exp\u00e9riences lui apportent de quoi enrichir sa cr\u00e9ation artistique. Il \u00e9tudie ensuite la philosophie et compose en m\u00eame temps des centaines de chansons naturalistes et fantastiques. <\/p>\n\n\n\n<p>C\u2019est lors d\u2019un voyage \u00e0 New York qu\u2019il rencontre Fred Parker et fonde avec lui \u00ab\u00a0<strong><em>Le Cirque des Mirages<\/em><\/strong>\u00a0\u00bb. Ce duo de cabaret expressionniste, aussi lyrique que sulfureux, rencontre rapidement un public avec de nombreuses sc\u00e8nes parisiennes (Caf\u00e9 de la Danse, La Cigale, Europ\u00e9en, Trianon, Les Trois Baudets, Le Rond-Point\u2026), des th\u00e9\u00e2tres partout en France et de nombreux festivals (Avignon, Printemps de Bourges, Festival de Marne, Chorus des Hauts de Seine&#8230;). En vingt ans, ils donnent plus de 1500 concerts. <\/p>\n\n\n\n<p>Parall\u00e8lement, il cr\u00e9e \u00ab\u00a0<strong><em>Zorbalov et l\u2019orgue magique<\/em><\/strong>\u00a0\u00bb, un conte d\u2019initiation \u00e0 la musique classique pour les enfants, accompagn\u00e9 par l\u2019<em>Orchestre National de France<\/em> (Cirque d\u2019Hiver, Studio 104, Auditorium de Radio France). En 2016, il propose une nouvelle version pour un conteur et trois musiciens (d\u00e9j\u00e0 plus de 150 repr\u00e9sentations). En 2014, il \u00e9crit et compose \u00ab\u00a0<strong>La Passe Interdite<\/strong>\u00a0\u00bb, un tour de chant saisissant aux sonorit\u00e9s tango et slaves dont les arrangements sont sign\u00e9s de Gustavo Beytelmann. Le spectacle rencontre un vif succ\u00e8s \u00e0 la <em>Salle Gaveau<\/em>, au Festival d\u2019Avignon et en tourn\u00e9e. En 2015, il sort l\u2019album de \u00ab\u00a0<strong>La Passe Interdite<\/strong>\u00a0\u00bb\u00a0et les projets se multiplient. <\/p>\n\n\n\n<p>Il \u00e9crit pour d\u2019autres artistes <em>(Cizaruk\/Venitucci\/Giancarlo Ciarapica)<\/em>, compose un long po\u00e8me mis en musique par Guillaume Connesson (<strong><em>El\u00e9gie de l\u2019amour obscur<\/em><\/strong>), est r\u00e9citant ou chanteur au sein de formations musicales (<em>The Amazing Keystone Band, l\u2019Orchestre National de France, Smoking Josephine<\/em>). Il est aussi chanteur-com\u00e9dien dans \u00ab\u00a0<strong><em>Le Cabaret Extraordinaire<\/em><\/strong>\u00a0\u00bb, la revue d\u00e9brid\u00e9e et p\u00e9tillante qui met en sc\u00e8ne les artistes accompagn\u00e9s par Avril en Septembre (production et diffusion de spectacle). <\/p>\n\n\n\n<p>\u00ab\u00a0<strong><em>Delusion Club<\/em><\/strong>\u00a0\u00bb le nouveau spectacle du \u00ab\u00a0<strong><em>Cirque des Mirages<\/em><\/strong>\u00a0\u00bb s\u2019accompagne d\u2019un vrai succ\u00e8s au Festival d\u2019Avignon 2019. D\u00e9licieusement anachronique et iconoclaste, il incarne une forme de myst\u00e8re au sein duquel provocation, \u00e9l\u00e9gance et justesse se m\u00ealent \u00e9troitement pour former un personnage extr\u00eamement singulier et attachant. On peut retrouver Yanowski en Dvd (Le Cirque des Mirages\u00a0au Trianon). Il a \u00e9galement publi\u00e9 ses textes \u00ab\u00a0<strong><em>Crimes d\u2019orties blanches<\/em><\/strong>\u00a0\u00bb aux \u00e9ditions \u00ab\u00a0<em>Le Dilettante<\/em>\u00a0\u00bb ainsi que \u00ab\u00a0<strong><em>Ta main branleuse<\/em><\/strong>\u00a0\u00bb aux \u00e9ditions\u00a0\u00ab\u00a0<em>Tu connais la nouvelles\u00a0?<\/em>\u00a0\u00bb<\/p>\n\n\n\n<div class=\"wp-block-columns is-layout-flex wp-container-core-columns-is-layout-9d6595d7 wp-block-columns-is-layout-flex\">\n<div class=\"wp-block-column is-layout-flow wp-block-column-is-layout-flow\" style=\"flex-basis:100%\">\n<p><strong>Septembre 2022&nbsp;:<\/strong> Sortie de \u00ab <strong>Bo\u00eete de Pandore<\/strong>&nbsp;\u00bb nouvel Album du \u00ab<em><strong>&nbsp;Cirque des Mirages<\/strong><\/em>&nbsp;\u00bb<br><strong>Mai 2022&nbsp;:<\/strong> Ad\u00e8le Berry au Th\u00e9\u00e2tre de Saint Maur des Foss\u00e9s.<br><strong>Avril 2022&nbsp;: <\/strong>Yanowski chante du tango avec le Smoking Josephine au th\u00e9\u00e2tre du Ch\u00e2telet<strong>.<br>Septembre 2021<\/strong>&nbsp;<strong>:<\/strong> Premi\u00e8re de \u00ab&nbsp;<strong>Plein Feu<\/strong>&nbsp;\u00bb, le retour du Cabaret extraordinaire et d\u00e9but de tourn\u00e9e.<br><strong>2020 : <\/strong>\u00c9criture de la com\u00e9die musicale \u00ab&nbsp;<strong>Ad\u00e8le Berry<\/strong>&nbsp;\u00bb. R\u00e9\u00e9criture de la pi\u00e8ce \u00ab&nbsp;<strong>Rats<\/strong>&nbsp;\u00bb en collaboration avec Emmanuel Touchard.<br><strong>2019 : <\/strong>\u00c9criture du spectacle \u00ab <strong>Les femmes \u00e0 la cuisine<\/strong>&nbsp;\u00bb pour la chanteuse <em>Nawel Dombrowsky<\/em>.<br><strong>Octobre\/ Novembre 2019&nbsp;:<\/strong> Le Cirque des Mirages en concert \u00e0 La sc\u00e8ne&nbsp;Parisienne.<br><strong>Juillet 2019&nbsp;:<\/strong> Le Cirque des Mirages, Festival D\u2019Avignon Off, Th\u00e9\u00e2tre du Chien qui fume.<br><strong>Juin 2019&nbsp;:<\/strong> Sortie de \u00ab&nbsp;<strong>Delusion Club Live<\/strong>&nbsp;\u00bb album cd du \u00ab<em><strong>&nbsp;Cirque des Mirages<\/strong><\/em>&nbsp;\u00bb<br><strong>2018 \/ 2019&nbsp;:<\/strong> S\u00e9rie de concerts de \u00ab&nbsp;<strong>Delusion Club<\/strong>&nbsp;\u00bb au Bal Blomet.<br><strong>18 D\u00e9cembre au 30 D\u00e9cembre 2018 :<\/strong> Le cabaret extraordinaire \u00e0 la Nouvelle Eve<br><strong>Juillet 2018<\/strong>&nbsp;<strong>:<\/strong> \u00ab&nbsp;Le Joyeux Bordel \u00bb au festival d\u2019Avignon \/ Th\u00e9\u00e2tre de L\u2019adresse. Un tour de Chant \u00e9crit pour Sandrine Cl\u00e9men\u00e7on.<br><strong>Juillet 2018&nbsp;:<\/strong> \u00ab&nbsp;Delusion Club&nbsp;\u00bb Le nouveau spectacle Du \u00ab&nbsp;Cirque des Mirages \u00ab Chien qui Fume\/ Festival d\u2019Avignon. Mise en sc\u00e8ne Emmanuel Touchard.<br><strong>2017&nbsp;\/ 2018<\/strong>&nbsp;<strong>:<\/strong> Tourn\u00e9e de \u00ab <strong>Zorbalov et l\u2019orgue Magique<\/strong> \u00bb r\u00e9seau classique et JMF. Plus de cent quarante spectacles\u2026 France, Ile de la R\u00e9union\u2026<br><strong>Juin 2017<\/strong>&nbsp;<strong>: <\/strong>Cr\u00e9ation de Tango Obsession avec Smoking Josephine Festival D\u2019Obernai&nbsp;; Genevi\u00e8ve Laurenceau, Marie Chilemme, Laur\u00e8ne Durantel, Hermine Horiot, Fanny Robillard.<br><strong>25 au 29 Janvier 2017<\/strong>&nbsp;<strong>:<\/strong> \u00ab&nbsp;Zorbalov et l\u2019orgue magique&nbsp;\u00bb au Th\u00e9\u00e2tre Antoine Vitez \/ Ivry sur Seine dans un version \u00e0 trois musiciens.<br><strong>15 Janvier 2017&nbsp;: <\/strong>\u00ab&nbsp;Zorbalov et l\u2019orgue Magique&nbsp;\u00bb \u00e0 l\u2019Auditorium de Radio France, un conte \u00e9crit et interpr\u00e9t\u00e9 par Yanowski avec l\u2019Orchestre National de France, direction Didier Benetti.<br><strong>2016\/2017&nbsp;:<\/strong> R\u00e9citant \/ Com\u00e9dien sur \u00ab&nbsp;<strong>Le Carnaval des animaux jazz<\/strong>&nbsp;\u00bb avec \u00ab&nbsp;<strong><em>The Amazing Keyston Big Band<\/em><\/strong>&nbsp;\u00bb&nbsp;: Tourn\u00e9e dans toute la France (Marciac, Meg\u00e8ve\u2026)<br><strong>20 F\u00e9vrier 2016&nbsp;:<\/strong> \u00ab&nbsp;<strong>L\u2019\u00e9cume des jours<\/strong>&nbsp;\u00bb au Th\u00e9\u00e2tre du Ch\u00e2telet avec Jean-Fran\u00e7ois Gysel, Nathalie Dessay\u2026<br><strong>19 F\u00e9vrier 2016&nbsp;:<\/strong> Sortie de l\u2019album Cd \u00ab&nbsp;<strong>La passe interdite<\/strong>&nbsp;\u00bb Arties \/ Harmonia Mundi<br><strong>2 et 3 F\u00e9vrier 2016<\/strong>&nbsp;<strong>:<\/strong> Le Cabaret extraordinaire au \u00ab&nbsp;Caf\u00e9 de la danse&nbsp;\u00bb avec Fred Parker, Maria Dolores, les Sea Girls, Christian T\u00e9tard\u2026<br><strong>2014 \/ 2016<\/strong>&nbsp;<strong>:<\/strong> Tourn\u00e9e dans toute la France \u00ab<strong>&nbsp;La passe interdite<\/strong>&nbsp;\u00bb &nbsp;<br><strong>29 Octobre 2015&nbsp;: <\/strong>Mise-en-sc\u00e8ne d\u2019Agn\u00e8s Bihl au Train Th\u00e9\u00e2tre \/ Portes les Valence.<br><strong>Octobre 2015&nbsp;: <\/strong>Bourse du Conseil D\u00e9partemental d\u2019Ile de France pour l\u2019\u00e9criture de \u00ab&nbsp;<strong>Rats<\/strong>&nbsp;\u00bb, pi\u00e8ce de th\u00e9\u00e2tre en trois actes \u00e0 caract\u00e8re fantastique et politique.<br><strong>Septembre 2015&nbsp;:<\/strong> Textes et chansons de \u00ab&nbsp;La vie en Vrac&nbsp;\u00bb tour de chant de Annick Cizaruck . Musique&nbsp;; David Venitucci.<br><strong>Juillet 2015&nbsp;:<\/strong> \u00ab&nbsp;<strong>Le Cirque des Mirages f\u00eate ses quinze ans<\/strong>&nbsp;\u00bb Th\u00e9\u00e2tre du Roi Ren\u00e9\/ festival D\u2019Avignon.<br><strong>7 Mars 2015&nbsp;:<\/strong> \u00ab&nbsp;<strong>Zorbalov et l\u2019orgue Magique<\/strong>&nbsp;\u00bb Studio 104 de Radio France&nbsp;; un conte \u00e9crit et interpr\u00e9t\u00e9 par Yanowski avec l\u2019Orchestre National de France, direction Didier Benetti.<br><strong>Juillet 2014<\/strong>&nbsp;<strong>: <\/strong>\u00ab&nbsp;La Passe interdite&nbsp;\u00bb \u00e0 l\u2019Arrache c\u0153ur\/ festival D\u2019Avignon. Anne Lepape au violon \/ Samuel Parent au Piano<br><strong>29 et 30 Janvier 2014&nbsp;: <\/strong>\u00ab&nbsp;La passe interdite&nbsp;\u00bb \u00e0 la Salle Gaveau. Tour de chant \u00e9crit et compos\u00e9 par Yanowski, arrangements de Gustavo Beytelmann<br><strong>Du 4 avril au 29 Juin 2013&nbsp;: <\/strong>\u00ab&nbsp;<strong>Vagabond des Mers<\/strong>&nbsp;\u00bb au The\u00e2tre Michel \/ Paris<br><strong>20 Juillet 2012 : <\/strong>\u00e9criture du po\u00e8me \u00ab&nbsp;<strong>El\u00e9gie de l\u2019amour obscur<\/strong>&nbsp;\u00bb mis en musique par Guillaume Connesson, pour quatuor \u00e0 cordes. Chant&nbsp;: Karen Vourc\u2019h. Festival Olivier Messiaen\/ la Meije.<br><strong>Juillet 2012 Festival d\u2019Avignon :<\/strong> \u00ab <strong>Le Vagabond des Mers<\/strong>&nbsp;\u00bb au Chien qui Fume.<br><strong>26 Mai 2012<\/strong>&nbsp;<strong>:<\/strong> \u00ab&nbsp;Zorbalov et l\u2019orgue Magique&nbsp;\u00bb un conte \u00e9crit et interpr\u00e9t\u00e9 par Yanowski avec l\u2019Orchestre National de France, direction Didier Benetti.<br><strong>2012&nbsp;: <\/strong>Cr\u00e9ation de \u00ab&nbsp;<strong>Vagabond des mers<\/strong>&nbsp;\u00bb un conte Fantastique du <strong><em>Cirque des Mirages<\/em> <\/strong>Th\u00e9\u00e2tre du Petit Saint-Martin \u00e0 Paris<br><strong>28 Mai 2011<\/strong>&nbsp;<strong>:<\/strong> Publication de \u00ab&nbsp;Crime d\u2019orties blanches&nbsp;\u00bb, recueil de chansons de Yanowski aux \u00e9ditions \u00ab&nbsp;Le Dilettante&nbsp;\u00bb<br><strong>Mars \/ Avril 2011 :<\/strong> Le Cirque des Mirages au Th\u00e9\u00e2tre du Rond-Point<br><strong>Juillet 2011 :<\/strong> Festival d\u2019Avignon \u00ab&nbsp;Chien qui fume&nbsp;\u00bb le Cirque des Mirages<br><strong>Juillet 2010 :<\/strong> Zoofest de Montr\u00e9al (Qu\u00e9bec) du 15 au 21 Juillet. Tourn\u00e9e dans toute la France\u2026<br><strong>Novembre 2009 :<\/strong> 18 concerts du 10 au 29 aux Trois Baudets \u00e0 Paris<br><strong>Octobre 2009 :<\/strong> Sortie du DVD \u00ab <strong>Dans les Arcanes du temps<\/strong> \u00bb enregistr\u00e9 au Trianon \u00e0 Paris<br><strong>Juillet 2009 :<\/strong> Festival d\u2019Avignon \/ Coll\u00e8ge de Lassalle<br><strong>Mars 2008 :<\/strong> 6 concerts du 17 au 22 mars \u00e0 l\u2019Europ\u00e9en<br><strong>F\u00e9vrier 2008 :<\/strong> R\u00e9sidence au Quai \u00e0 Angers<br><strong>Janvier 2008 :<\/strong> R\u00e9sidence aux Bains Douches \u00e0 Ligni\u00e8res<br><strong>2006 \/ 2007 :<\/strong> Tourn\u00e9e en France, Belgique, Canada, Printemps de Bourges, Festival Jacques Brel\u2026<br><strong>Mai 2006 :<\/strong> Le Cirque des Mirages remplit La Cigale<br><strong>Janvier 2006 :<\/strong> 8 concerts au Caf\u00e9 de la Danse affichent \u00ab complet \u00bb<br><strong>Octobre 2005 :<\/strong> Deuxi\u00e8me album \u00ab <strong>Fum\u00e9e d\u2019opium<\/strong> \u00bb chez Universal<br><strong>Octobre 2004 :<\/strong> Premier album \u00ab <strong>Le Cirque des Mirages en public<\/strong> \u00bb chez Universal<br><strong>Mars 2004 :<\/strong> Caf\u00e9 de la Danse Juillet 2004 Festival d\u2019Avignon<br><strong>Janvier \/ f\u00e9vrier 2004 :<\/strong> S\u00e9rie de concerts au Th\u00e9\u00e2tre du Renard \u00e0 Paris<br><strong>Avril 2003 :<\/strong> Le Cirque des Mirages re\u00e7oit 5 prix au concours \u00ab Vive la Reprise \u00bb (Sacem, Adami\u2026)<br><strong>Juin 2000<strong> :<\/strong><\/strong> Premier concert dans un cours de th\u00e9\u00e2tre du 13<sup>\u00e8me<\/sup> arr. de Paris. Reprise tous les samedis soir ; ils y jouent 3 ans<br><strong>Printemps 2000<strong> :<\/strong><\/strong> Rencontre de Yanowski et Fred Parker. Cr\u00e9ation du \u00ab&nbsp;<strong>Cirque des Mirages<\/strong>&nbsp;\u00bb<\/p>\n<\/div>\n<\/div>\n\n\n\n<p><\/p>\n","protected":false},"excerpt":{"rendered":"<p>Chanteur, compositeur et po\u00e8te, Yanowski grandit dans la boh\u00e8me parisienne au milieu des saltimbanques, guitaristes, danseurs de flamenco, bateleurs en tout genre que fr\u00e9quentent ses parents. Mis au piano classique \u00e0 l\u2019\u00e2ge de 6 ans, il se nourrit de litt\u00e9rature fantastique, se passionne pour les r\u00e9cits d\u2019aventure et la po\u00e9sie. A dix-sept ans, il quitte &hellip; <\/p>\n<p class=\"link-more\"><a href=\"https:\/\/yanowski.fr\/index.php\/accueil\/biographie\/\" class=\"more-link\">Continuer la lecture<span class=\"screen-reader-text\"> de &laquo;&nbsp;Biographie&nbsp;&raquo;<\/span><\/a><\/p>\n","protected":false},"author":1,"featured_media":0,"parent":2,"menu_order":0,"comment_status":"closed","ping_status":"closed","template":"","meta":{"footnotes":""},"class_list":["post-279","page","type-page","status-publish","hentry"],"_links":{"self":[{"href":"https:\/\/yanowski.fr\/index.php\/wp-json\/wp\/v2\/pages\/279","targetHints":{"allow":["GET"]}}],"collection":[{"href":"https:\/\/yanowski.fr\/index.php\/wp-json\/wp\/v2\/pages"}],"about":[{"href":"https:\/\/yanowski.fr\/index.php\/wp-json\/wp\/v2\/types\/page"}],"author":[{"embeddable":true,"href":"https:\/\/yanowski.fr\/index.php\/wp-json\/wp\/v2\/users\/1"}],"replies":[{"embeddable":true,"href":"https:\/\/yanowski.fr\/index.php\/wp-json\/wp\/v2\/comments?post=279"}],"version-history":[{"count":13,"href":"https:\/\/yanowski.fr\/index.php\/wp-json\/wp\/v2\/pages\/279\/revisions"}],"predecessor-version":[{"id":298,"href":"https:\/\/yanowski.fr\/index.php\/wp-json\/wp\/v2\/pages\/279\/revisions\/298"}],"up":[{"embeddable":true,"href":"https:\/\/yanowski.fr\/index.php\/wp-json\/wp\/v2\/pages\/2"}],"wp:attachment":[{"href":"https:\/\/yanowski.fr\/index.php\/wp-json\/wp\/v2\/media?parent=279"}],"curies":[{"name":"wp","href":"https:\/\/api.w.org\/{rel}","templated":true}]}}