{"id":2,"date":"2022-03-04T12:05:33","date_gmt":"2022-03-04T11:05:33","guid":{"rendered":"http:\/\/yanowski.fr\/?page_id=2"},"modified":"2022-03-22T09:43:48","modified_gmt":"2022-03-22T08:43:48","slug":"accueil","status":"publish","type":"page","link":"https:\/\/yanowski.fr\/","title":{"rendered":"Accueil"},"content":{"rendered":"\n<p class=\"has-drop-cap\">Chanteur, auteur, compositeur et po\u00e8te, Yanowski est un artiste aux multiples facettes. En l\u2019an 2000, il cr\u00e9e <strong>Le Cirque des Mirages<\/strong> avec le pianiste Fred Parker, un duo de chansons expressionnistes qui \u00e9volue dans un univers \u00e0 la fois myst\u00e9rieux et po\u00e9tique. Anticonformiste et d\u00e9routante, lyrique et fantastique, chaque chanson y prend la forme d\u2019une histoire, d\u2019un mini op\u00e9ra, voire d\u2019un oratorio, entra\u00eenant l\u2019auditeur dans les m\u00e9andres de l\u2019inconscient humain. Tr\u00e8s vite, le duo connait un succ\u00e8s m\u00e9diatique et encha\u00eene les tourn\u00e9es dans tous les pays francophones (Plus de mille cinq cent en vingt ans) tout en r\u00e9alisant de nombreux spectacles et albums musicaux.\u00a0<\/p>\n\n\n\n<p>\u00a0\u00a0\u00a0\u00a0\u00a0\u00a0 Parall\u00e8lement au Cirque des Mirages, Yanowski d\u00e9veloppe de multiples projets\u00a0personnels. <strong>La passe interdite, <\/strong>un tour de chant sulfureux dont il est l\u2019auteur et compositeur, v\u00e9ritable voyage entre tango et musique slave,<strong>\u00a0Zorbalov et l\u2019orgue magique<\/strong>, conte merveilleux destin\u00e9 au jeune public et commande originale de l\u2019Orchestre National de Radio France, ou encore <strong>Vagabond des mers, <\/strong>r\u00e9cit fantastique tr\u00e8s inspir\u00e9 par l\u2019imaginaire d\u2019Edgar Poe, \u00e9pop\u00e9e marine mise en sc\u00e8ne par Sarkis Tcheumlekdjian.<\/p>\n\n\n\n<p>\u00a0\u00a0\u00a0\u00a0\u00a0\u00a0\u00a0\u00a0\u00a0\u00a0\u00a0\u00a0\u00a0\u00a0Amoureux de music-Hall, il participe en tant que chanteur et com\u00e9dien au <strong>Cabaret Extraordinaire<\/strong>, ainsi qu\u2019\u00e0 son second volet <strong>Plein feu<\/strong> au c\u00f4t\u00e9 de nombreux artistes de talent (Fred Parker, Maria Dolor\u00e8s, Christian T\u00e9tard, Immo, Heejin Diamond\u2026) sous la direction artistique d\u2019Armelle H\u00e9din.<\/p>\n\n\n\n<p>\u00a0\u00a0\u00a0\u00a0\u00a0\u00a0\u00a0\u00a0\u00a0\u00a0\u00a0\u00a0\u00a0\u00a0Yanowski est \u00e9galement invit\u00e9 comme <strong>r\u00e9citant <\/strong>par de nombreuses compagnies et orchestres (The Amazing Keystone Big Band, le quatuor Za\u00efde, l\u2019Orchestre de Li\u00e8ge, Jean-Fran\u00e7ois Zygel\u2026) o\u00f9 il sait mettre \u00e0 profit ses talents d\u2019acteur.<\/p>\n\n\n\n<p>\u00a0\u00a0\u00a0\u00a0\u00a0\u00a0\u00a0\u00a0\u00a0\u00a0\u00a0\u00a0\u00a0D\u2019origine hispanique, Yanowski d\u00e9veloppe depuis plusieurs ann\u00e9es une carri\u00e8re de <strong>chanteur de tango. <\/strong>C\u2019est ainsi qu\u2019on a pu le voir interpr\u00e9ter les grandes pi\u00e8ces du r\u00e9pertoire argentin au c\u00f4t\u00e9 du Smoking Jos\u00e9phine (Th\u00e9\u00e2tre du Ch\u00e2telet), Gustavo Beytelmann, (arrangeur de son album solo) Bertrand Cervera, violoniste de L\u2019Orchestre National de France, la famille Arties ou encore en duo avec David Venitucci.\u00a0<\/p>\n\n\n\n<p>\u00a0\u00a0\u00a0\u00a0\u00a0\u00a0\u00a0\u00a0\u00a0\u00a0\u00a0\u00a0\u00a0\u00a0Quand il n\u2019est pas sur sc\u00e8ne, Yanowski prend sa plume <strong>d\u2019auteur-compositeur<\/strong> afin de r\u00e9pondre \u00e0 de nombreuses commandes, composant ainsi des tours de chant sur mesure pour des personnalit\u00e9s aussi \u00e9clectiques que Sandrine Cl\u00e9men\u00e7on, Annick Cizaruk, Nawel Dombrowski. On le retrouve \u00e9galement comme <strong>dramaturge <\/strong>(Rats) mais aussi comme compositeur et <strong>librettiste de com\u00e9die musicale.<\/strong> (Ad\u00e8le Berry)\u00a0\u00a0\u00a0\u00a0\u00a0\u00a0\u00a0\u00a0\u00a0\u00a0\u00a0\u00a0\u00a0\u00a0\u00a0<\/p>\n\n\n\n<p>        Mais alors, diriez-vous que fait Yanowski quand il ne compose pas ou ne br\u00fble pas les planches ? Il revient \u00e0 cette flamme qui le meut depuis sa plus tendre enfance et ne l\u2019a jamais quitt\u00e9, la po\u00e9sie. Cette m\u00eame po\u00e9sie qui, pour citer Ren\u00e9 Char, est de toutes les eaux claires celle qui s\u2019attarde le moins aux reflets de ses ponts. (<strong>Yanowski, Crimes d\u2019orties blanches, \u00e9dition Le dilettante.)<\/strong><\/p>\n\n\n\n<p><\/p>\n","protected":false},"excerpt":{"rendered":"<p>Chanteur, auteur, compositeur et po\u00e8te, Yanowski est un artiste aux multiples facettes. En l\u2019an 2000, il cr\u00e9e Le Cirque des Mirages avec le pianiste Fred Parker, un duo de chansons expressionnistes qui \u00e9volue dans un univers \u00e0 la fois myst\u00e9rieux et po\u00e9tique. Anticonformiste et d\u00e9routante, lyrique et fantastique, chaque chanson y prend la forme d\u2019une &hellip; <\/p>\n<p class=\"link-more\"><a href=\"https:\/\/yanowski.fr\/\" class=\"more-link\">Continuer la lecture<span class=\"screen-reader-text\"> de &laquo;&nbsp;Accueil&nbsp;&raquo;<\/span><\/a><\/p>\n","protected":false},"author":1,"featured_media":0,"parent":0,"menu_order":0,"comment_status":"closed","ping_status":"closed","template":"","meta":{"footnotes":""},"class_list":["post-2","page","type-page","status-publish","hentry"],"_links":{"self":[{"href":"https:\/\/yanowski.fr\/index.php\/wp-json\/wp\/v2\/pages\/2","targetHints":{"allow":["GET"]}}],"collection":[{"href":"https:\/\/yanowski.fr\/index.php\/wp-json\/wp\/v2\/pages"}],"about":[{"href":"https:\/\/yanowski.fr\/index.php\/wp-json\/wp\/v2\/types\/page"}],"author":[{"embeddable":true,"href":"https:\/\/yanowski.fr\/index.php\/wp-json\/wp\/v2\/users\/1"}],"replies":[{"embeddable":true,"href":"https:\/\/yanowski.fr\/index.php\/wp-json\/wp\/v2\/comments?post=2"}],"version-history":[{"count":11,"href":"https:\/\/yanowski.fr\/index.php\/wp-json\/wp\/v2\/pages\/2\/revisions"}],"predecessor-version":[{"id":297,"href":"https:\/\/yanowski.fr\/index.php\/wp-json\/wp\/v2\/pages\/2\/revisions\/297"}],"wp:attachment":[{"href":"https:\/\/yanowski.fr\/index.php\/wp-json\/wp\/v2\/media?parent=2"}],"curies":[{"name":"wp","href":"https:\/\/api.w.org\/{rel}","templated":true}]}}