{"id":145,"date":"2022-03-09T15:06:26","date_gmt":"2022-03-09T14:06:26","guid":{"rendered":"http:\/\/yanowski.fr\/?page_id=145"},"modified":"2022-03-21T14:14:37","modified_gmt":"2022-03-21T13:14:37","slug":"plein-feu-le-cabaret-extraordinaire-2","status":"publish","type":"page","link":"https:\/\/yanowski.fr\/index.php\/plein-feu-le-cabaret-extraordinaire-2\/","title":{"rendered":"Plein Feu &#8211; Le Cabaret Extraordinaire #2"},"content":{"rendered":"\n<figure class=\"wp-block-embed is-type-video is-provider-youtube wp-block-embed-youtube wp-embed-aspect-16-9 wp-has-aspect-ratio\"><div class=\"wp-block-embed__wrapper\">\n<iframe loading=\"lazy\" title=\"Le Cabaret Extraordinaire #2 - Plein Feu - Maria Dolor\u00e8s\" width=\"525\" height=\"295\" src=\"https:\/\/www.youtube.com\/embed\/k2ZRfJzfuLk?feature=oembed\" frameborder=\"0\" allow=\"accelerometer; autoplay; clipboard-write; encrypted-media; gyroscope; picture-in-picture; web-share\" referrerpolicy=\"strict-origin-when-cross-origin\" allowfullscreen><\/iframe>\n<\/div><\/figure>\n\n\n\n<div class=\"wp-block-media-text alignwide is-stacked-on-mobile\"><figure class=\"wp-block-media-text__media\"><img loading=\"lazy\" decoding=\"async\" width=\"500\" height=\"704\" src=\"http:\/\/yanowski.fr\/wp-content\/uploads\/2022\/03\/Vignette-PF-PRESSE-SITE-mars-2022-500pix.jpg\" alt=\"\" class=\"wp-image-156 size-full\" srcset=\"https:\/\/yanowski.fr\/wp-content\/uploads\/2022\/03\/Vignette-PF-PRESSE-SITE-mars-2022-500pix.jpg 500w, https:\/\/yanowski.fr\/wp-content\/uploads\/2022\/03\/Vignette-PF-PRESSE-SITE-mars-2022-500pix-213x300.jpg 213w\" sizes=\"auto, (max-width: 500px) 100vw, 500px\" \/><\/figure><div class=\"wp-block-media-text__content\">\n<p>Ce nouvel opus du Cabaret Extraordinaire promet&nbsp;<strong>surprises, humour et \u00e9merveillements<\/strong>.&nbsp;<br class=\"\">Romanesque ou loufoque, chaque num\u00e9ro puise tour \u00e0 tour dans l\u2019\u00e9nergie communicative de l\u2019euphorie, de la m\u00e9lancolie et de l\u2019autod\u00e9rision, pour&nbsp;<strong>allier le beau au d\u00e9cal\u00e9 dans la po\u00e9sie absurde qui est la touche de cette folle tribu.<\/strong><\/p>\n\n\n\n<p>Des acrobates des notes et des mots, des magiciens, du cirque, des musiciens,&nbsp;des histoires\u2026<strong>&nbsp;Une famille d\u2019artistes \u00e9clectiques dont les contraires s\u2019accordent et cr\u00e9ent l\u2019harmonie.<\/strong><\/p>\n<\/div><\/div>\n\n\n\n<p><strong>Production et diffusion<\/strong> Avril en Septembre<br><strong>Armelle Hedin<\/strong> <a rel=\"noreferrer noopener\" href=\"mailto:arme.hedin@avrilenseptembre.fr\" target=\"_blank\">armelle.hedin@avrilenseptembre.fr<\/a><\/p>\n\n\n\n<p>Cr\u00e9ation collective. <strong>Direction artistique Armelle H\u00e9din Ma\u00eetresse de c\u00e9r\u00e9monie : <\/strong>Maria Dolores ou Madame Olympe &#8211; Avec <strong>Lula Hugot ou St\u00e9phanie Barreau, Christian T\u00e9tard <\/strong>-Jean Jacques-, <strong>Yanowki, Immo, Clo\u00e9 Horry <\/strong>-Cindy Lema\u00eetre-, <strong>Heejin Diamond ou In\u00e8s Valarcher, <\/strong>Batterie <strong>Corentin Rio ou Guillaume Lantonnet. <\/strong>Mise en sc\u00e8ne <strong>Armelle H\u00e9din <\/strong>avec la collaboration de <strong>Lula Hugot &amp; Christian T\u00e9tard <\/strong>Direction musicale et piano <strong>Fred Parker <\/strong>Costumes <strong>Emilie Bonheure &amp; Tika Tichit <\/strong>Cr\u00e9ation lumi\u00e8re et son <strong>Quentin R\u00e9gnier &amp; Alexandre Barth\u00e9l\u00e9my <\/strong>Assistanat artistique <strong>Nina H\u00e9din<\/strong>.<\/p>\n","protected":false},"excerpt":{"rendered":"<p>Ce nouvel opus du Cabaret Extraordinaire promet&nbsp;surprises, humour et \u00e9merveillements.&nbsp;Romanesque ou loufoque, chaque num\u00e9ro puise tour \u00e0 tour dans l\u2019\u00e9nergie communicative de l\u2019euphorie, de la m\u00e9lancolie et de l\u2019autod\u00e9rision, pour&nbsp;allier le beau au d\u00e9cal\u00e9 dans la po\u00e9sie absurde qui est la touche de cette folle tribu. Des acrobates des notes et des mots, des magiciens, &hellip; <\/p>\n<p class=\"link-more\"><a href=\"https:\/\/yanowski.fr\/index.php\/plein-feu-le-cabaret-extraordinaire-2\/\" class=\"more-link\">Continuer la lecture<span class=\"screen-reader-text\"> de &laquo;&nbsp;Plein Feu &#8211; Le Cabaret Extraordinaire #2&nbsp;&raquo;<\/span><\/a><\/p>\n","protected":false},"author":1,"featured_media":0,"parent":0,"menu_order":0,"comment_status":"closed","ping_status":"closed","template":"","meta":{"footnotes":""},"class_list":["post-145","page","type-page","status-publish","hentry"],"_links":{"self":[{"href":"https:\/\/yanowski.fr\/index.php\/wp-json\/wp\/v2\/pages\/145","targetHints":{"allow":["GET"]}}],"collection":[{"href":"https:\/\/yanowski.fr\/index.php\/wp-json\/wp\/v2\/pages"}],"about":[{"href":"https:\/\/yanowski.fr\/index.php\/wp-json\/wp\/v2\/types\/page"}],"author":[{"embeddable":true,"href":"https:\/\/yanowski.fr\/index.php\/wp-json\/wp\/v2\/users\/1"}],"replies":[{"embeddable":true,"href":"https:\/\/yanowski.fr\/index.php\/wp-json\/wp\/v2\/comments?post=145"}],"version-history":[{"count":12,"href":"https:\/\/yanowski.fr\/index.php\/wp-json\/wp\/v2\/pages\/145\/revisions"}],"predecessor-version":[{"id":270,"href":"https:\/\/yanowski.fr\/index.php\/wp-json\/wp\/v2\/pages\/145\/revisions\/270"}],"wp:attachment":[{"href":"https:\/\/yanowski.fr\/index.php\/wp-json\/wp\/v2\/media?parent=145"}],"curies":[{"name":"wp","href":"https:\/\/api.w.org\/{rel}","templated":true}]}}