{"id":141,"date":"2022-03-09T15:01:46","date_gmt":"2022-03-09T14:01:46","guid":{"rendered":"http:\/\/yanowski.fr\/?page_id=141"},"modified":"2022-03-21T09:10:39","modified_gmt":"2022-03-21T08:10:39","slug":"le-cabaret-extraordinaire-1","status":"publish","type":"page","link":"https:\/\/yanowski.fr\/index.php\/le-cabaret-extraordinaire-1\/","title":{"rendered":"Le Cabaret Extraordinaire #1"},"content":{"rendered":"\n<figure class=\"wp-block-embed is-type-video is-provider-youtube wp-block-embed-youtube wp-embed-aspect-16-9 wp-has-aspect-ratio\"><div class=\"wp-block-embed__wrapper\">\n<iframe loading=\"lazy\" title=\"\u2605 Bande annonce Le Cabaret Extraordinaire Nouvelle Eve d\u00e9cembre 2018 \u2605\" width=\"525\" height=\"295\" src=\"https:\/\/www.youtube.com\/embed\/IVFn9hP9-5U?feature=oembed\" frameborder=\"0\" allow=\"accelerometer; autoplay; clipboard-write; encrypted-media; gyroscope; picture-in-picture; web-share\" referrerpolicy=\"strict-origin-when-cross-origin\" allowfullscreen><\/iframe>\n<\/div><\/figure>\n\n\n\n<div class=\"wp-block-media-text alignwide is-stacked-on-mobile is-vertically-aligned-top\"><figure class=\"wp-block-media-text__media\"><img loading=\"lazy\" decoding=\"async\" width=\"300\" height=\"428\" src=\"http:\/\/yanowski.fr\/wp-content\/uploads\/2022\/03\/Vignette-CAB-PRESSE-jan2022-300pix.jpg\" alt=\"\" class=\"wp-image-130 size-full\" srcset=\"https:\/\/yanowski.fr\/wp-content\/uploads\/2022\/03\/Vignette-CAB-PRESSE-jan2022-300pix.jpg 300w, https:\/\/yanowski.fr\/wp-content\/uploads\/2022\/03\/Vignette-CAB-PRESSE-jan2022-300pix-210x300.jpg 210w\" sizes=\"auto, (max-width: 300px) 100vw, 300px\" \/><\/figure><div class=\"wp-block-media-text__content\">\n<h3 class=\"wp-block-heading\">Cr\u00e9ation collective<\/h3>\n\n\n\n<p>\u00c0 la baguette, en meneuse de revue aux accents ib\u00e9riques, une diva burlesque est assist\u00e9e d\u2019un clown violoniste et gaffeur. Dans cette Cour des miracles d\u00e9jant\u00e9e, on trouve aussi un jongleur foldingue sur un monocycle, un acrobate fac\u00e9tieux, une troupe de chanteuses -com\u00e9diennes d\u00e9jant\u00e9es, un pianiste virtuose&#8230; Touche-\u00e0-tout de g\u00e9nie, les acteurs de ce cabinet de curiosit\u00e9s emportent le public aux confins du merveilleux et du surr\u00e9alisme avec une intarissable \u00e9nergie. On court d\u2019une \u00e9motion \u00e0 l\u2019autre au fil de num\u00e9ros d\u2019anthologie qui ne trompent en rien quant au spectacle annonc\u00e9\u00a0: il est litt\u00e9ralement \u201cextra\u201d ordinaire\u2009!<br><\/p>\n<\/div><\/div>\n\n\n\n<p><strong>Production et diffusion<\/strong> Avril en Septembre <br><strong>Armelle Hedin<\/strong>\u00a0<a rel=\"noreferrer noopener\" href=\"mailto:arme.hedin@avrilenseptembre.fr\" target=\"_blank\">armelle.hedin@avrilenseptembre.fr<\/a><\/p>\n\n\n\n<p><strong>Mise en sc\u00e8ne<\/strong>\u00a0Armelle H\u00e9din<br><strong>Ma\u00eetresse de c\u00e9r\u00e9monie<\/strong>\u00a0Maria Dolores<br><strong>Avec<\/strong>\u00a0Lula Hugot, Christian T\u00e9tard, Yanowski, Clo\u00e9 Horry, Immo, Fred Parker piano, Guillaume Lantonnet\/Corentin Rio percussions.<br><strong>Direction musicale<\/strong>\u00a0Fred Parker<br><strong>Sons<\/strong>\u00a0Quentin R\u00e9gnier<br><strong>Lumi\u00e8res<\/strong>\u00a0Alexandre Barth\u00e9l\u00e9my.<\/p>\n\n\n\n<p><strong>Auteurs<\/strong>\u00a0Fr\u00e9d\u00e9ric Aliotti, John Barry, C. Velasquez Dolores, M. Emer,<br>Lula Hugot, Yann Girard, A. H\u00e9din, Immo, F. Lauriquet, L. Madiot, F. Pallem, P. Rivi\u00e8re, J-M. Rivi\u00e8re, E. Roche, C. T\u00e9tard.<\/p>\n","protected":false},"excerpt":{"rendered":"<p>Cr\u00e9ation collective \u00c0 la baguette, en meneuse de revue aux accents ib\u00e9riques, une diva burlesque est assist\u00e9e d\u2019un clown violoniste et gaffeur. Dans cette Cour des miracles d\u00e9jant\u00e9e, on trouve aussi un jongleur foldingue sur un monocycle, un acrobate fac\u00e9tieux, une troupe de chanteuses -com\u00e9diennes d\u00e9jant\u00e9es, un pianiste virtuose&#8230; Touche-\u00e0-tout de g\u00e9nie, les acteurs de &hellip; <\/p>\n<p class=\"link-more\"><a href=\"https:\/\/yanowski.fr\/index.php\/le-cabaret-extraordinaire-1\/\" class=\"more-link\">Continuer la lecture<span class=\"screen-reader-text\"> de &laquo;&nbsp;Le Cabaret Extraordinaire #1&nbsp;&raquo;<\/span><\/a><\/p>\n","protected":false},"author":1,"featured_media":0,"parent":0,"menu_order":0,"comment_status":"closed","ping_status":"closed","template":"","meta":{"footnotes":""},"class_list":["post-141","page","type-page","status-publish","hentry"],"_links":{"self":[{"href":"https:\/\/yanowski.fr\/index.php\/wp-json\/wp\/v2\/pages\/141","targetHints":{"allow":["GET"]}}],"collection":[{"href":"https:\/\/yanowski.fr\/index.php\/wp-json\/wp\/v2\/pages"}],"about":[{"href":"https:\/\/yanowski.fr\/index.php\/wp-json\/wp\/v2\/types\/page"}],"author":[{"embeddable":true,"href":"https:\/\/yanowski.fr\/index.php\/wp-json\/wp\/v2\/users\/1"}],"replies":[{"embeddable":true,"href":"https:\/\/yanowski.fr\/index.php\/wp-json\/wp\/v2\/comments?post=141"}],"version-history":[{"count":6,"href":"https:\/\/yanowski.fr\/index.php\/wp-json\/wp\/v2\/pages\/141\/revisions"}],"predecessor-version":[{"id":266,"href":"https:\/\/yanowski.fr\/index.php\/wp-json\/wp\/v2\/pages\/141\/revisions\/266"}],"wp:attachment":[{"href":"https:\/\/yanowski.fr\/index.php\/wp-json\/wp\/v2\/media?parent=141"}],"curies":[{"name":"wp","href":"https:\/\/api.w.org\/{rel}","templated":true}]}}